{"id":3326,"date":"2024-11-25T14:14:50","date_gmt":"2024-11-25T13:14:50","guid":{"rendered":"https:\/\/www.simelmotors.com\/ul-certification\/"},"modified":"2025-07-31T12:16:18","modified_gmt":"2025-07-31T10:16:18","slug":"ul-certification","status":"publish","type":"page","link":"https:\/\/www.simelmotors.com\/en\/ul-certification\/","title":{"rendered":"UL Certification"},"content":{"rendered":"\t\t<div data-elementor-type=\"wp-page\" data-elementor-id=\"3326\" class=\"elementor elementor-3326 elementor-333\" data-elementor-post-type=\"page\">\n\t\t\t\t<div class=\"elementor-element elementor-element-ff0e811 e-flex e-con-boxed e-con e-parent\" data-id=\"ff0e811\" data-element_type=\"container\" data-settings=\"{&quot;background_background&quot;:&quot;classic&quot;}\">\n\t\t\t\t\t<div class=\"e-con-inner\">\n\t\t\t\t<div class=\"elementor-element elementor-element-4c6589c elementor-widget__width-inherit elementor-widget elementor-widget-image\" data-id=\"4c6589c\" data-element_type=\"widget\" data-widget_type=\"image.default\">\n\t\t\t\t<div class=\"elementor-widget-container\">\n\t\t\t\t\t\t\t\t\t\t\t\t\t\t\t<img decoding=\"async\" width=\"276\" height=\"168\" src=\"https:\/\/www.simelmotors.com\/wp-content\/uploads\/2024\/10\/c-ul-us-icon-simel@4x.webp\" class=\"attachment-full size-full wp-image-3161\" alt=\"\" \/>\t\t\t\t\t\t\t\t\t\t\t\t\t\t\t<\/div>\n\t\t\t\t<\/div>\n\t\t\t\t<div class=\"elementor-element elementor-element-4e387f3 elementor-widget__width-inherit elementor-fixed elementor-widget elementor-widget-image\" data-id=\"4e387f3\" data-element_type=\"widget\" data-settings=\"{&quot;_position&quot;:&quot;fixed&quot;}\" data-widget_type=\"image.default\">\n\t\t\t\t<div class=\"elementor-widget-container\">\n\t\t\t\t\t\t\t\t\t\t\t\t\t\t\t<img decoding=\"async\" src=\"https:\/\/www.simelmotors.com\/wp-content\/uploads\/2024\/12\/linea-rame.svg\" class=\"attachment-full size-full wp-image-3143\" alt=\"\" \/>\t\t\t\t\t\t\t\t\t\t\t\t\t\t\t<\/div>\n\t\t\t\t<\/div>\n\t\t\t\t<div class=\"elementor-element elementor-element-0a1ad7e elementor-widget__width-auto elementor-widget-mobile__width-auto stext elementor-widget elementor-widget-heading\" data-id=\"0a1ad7e\" data-element_type=\"widget\" data-widget_type=\"heading.default\">\n\t\t\t\t<div class=\"elementor-widget-container\">\n\t\t\t\t\t<h1 class=\"elementor-heading-title elementor-size-default\">UL Certification<\/h1>\t\t\t\t<\/div>\n\t\t\t\t<\/div>\n\t\t\t\t<div class=\"elementor-element elementor-element-3d3c671 elementor-widget elementor-widget-heading\" data-id=\"3d3c671\" data-element_type=\"widget\" data-widget_type=\"heading.default\">\n\t\t\t\t<div class=\"elementor-widget-container\">\n\t\t\t\t\t<h1 class=\"elementor-heading-title elementor-size-default\">The Safety Guarantee for the North American Market (USA + Canada)<\/h1>\t\t\t\t<\/div>\n\t\t\t\t<\/div>\n\t\t\t\t<div class=\"elementor-element elementor-element-7315652 elementor-widget__width-initial elementor-widget elementor-widget-text-editor\" data-id=\"7315652\" data-element_type=\"widget\" data-widget_type=\"text-editor.default\">\n\t\t\t\t<div class=\"elementor-widget-container\">\n\t\t\t\t\t\t\t\t\t<p class=\"p1\">La certificazione UL (Underwriters Laboratories) rappresenta un marchio di sicurezza volontaria per prodotti elettrici ed elettronici, riconosciuto come simbolo internazionale di qualit\u00e0 e sicurezza. SIMEL \u00e8 orgogliosa di avere un laboratorio riconosciuto da UL, il che ci permette di condurre test di conformit\u00e0 per il mercato nordamericano direttamente presso la nostra sede. Questo significa che se hai bisogno di motori abilitati al commercio in quella zona geografica, noi siamo gi\u00e0 pronti per testare i campioni secondo gli standard nordamericani, consentendoti di commercializzare i tui prodotti in USA e Canada rapidamente, grazie alla marcatura UL che verr\u00e0 apposta sui motori.  <\/p>\t\t\t\t\t\t\t\t<\/div>\n\t\t\t\t<\/div>\n\t\t\t\t<div class=\"elementor-element elementor-element-85b9f0e elementor-widget elementor-widget-heading\" data-id=\"85b9f0e\" data-element_type=\"widget\" data-widget_type=\"heading.default\">\n\t\t\t\t<div class=\"elementor-widget-container\">\n\t\t\t\t\t<h2 class=\"elementor-heading-title elementor-size-default\">What is UL Certification?<\/h2>\t\t\t\t<\/div>\n\t\t\t\t<\/div>\n\t\t\t\t<div class=\"elementor-element elementor-element-3f36fda elementor-widget__width-initial elementor-widget elementor-widget-text-editor\" data-id=\"3f36fda\" data-element_type=\"widget\" data-widget_type=\"text-editor.default\">\n\t\t\t\t<div class=\"elementor-widget-container\">\n\t\t\t\t\t\t\t\t\t<p class=\"p1\">UL certification is a symbol of trust, safety and quality, recognised and accepted worldwide. <strong>It guarantees that products have been tested and evaluated to prevent fire, electrical shock and mechanical hazards.<\/strong> SIMEL complies with stringent UL requirements, giving our customers the confidence that our motors meet the safety standards required in North American markets.<\/p>\t\t\t\t\t\t\t\t<\/div>\n\t\t\t\t<\/div>\n\t\t\t\t<div class=\"elementor-element elementor-element-93cd863 elementor-mobile-align-left elementor-widget elementor-widget-button\" data-id=\"93cd863\" data-element_type=\"widget\" data-widget_type=\"button.default\">\n\t\t\t\t<div class=\"elementor-widget-container\">\n\t\t\t\t\t\t\t\t\t<div class=\"elementor-button-wrapper\">\n\t\t\t\t\t<a class=\"elementor-button elementor-button-link elementor-size-sm elementor-animation-shrink\" href=\"https:\/\/italy.ul.com\/\" target=\"_blank\">\n\t\t\t\t\t\t<span class=\"elementor-button-content-wrapper\">\n\t\t\t\t\t\t<span class=\"elementor-button-icon\">\n\t\t\t\t<svg aria-hidden=\"true\" class=\"e-font-icon-svg e-fas-plus-circle\" viewBox=\"0 0 512 512\" xmlns=\"http:\/\/www.w3.org\/2000\/svg\"><path d=\"M256 8C119 8 8 119 8 256s111 248 248 248 248-111 248-248S393 8 256 8zm144 276c0 6.6-5.4 12-12 12h-92v92c0 6.6-5.4 12-12 12h-56c-6.6 0-12-5.4-12-12v-92h-92c-6.6 0-12-5.4-12-12v-56c0-6.6 5.4-12 12-12h92v-92c0-6.6 5.4-12 12-12h56c6.6 0 12 5.4 12 12v92h92c6.6 0 12 5.4 12 12v56z\"><\/path><\/svg>\t\t\t<\/span>\n\t\t\t\t\t\t\t\t\t<span class=\"elementor-button-text\">Learn more about UL Certification<\/span>\n\t\t\t\t\t<\/span>\n\t\t\t\t\t<\/a>\n\t\t\t\t<\/div>\n\t\t\t\t\t\t\t\t<\/div>\n\t\t\t\t<\/div>\n\t\t\t\t\t<\/div>\n\t\t\t\t<\/div>\n\t\t<div class=\"elementor-element elementor-element-b44ea5d e-flex e-con-boxed e-con e-parent\" data-id=\"b44ea5d\" data-element_type=\"container\" data-settings=\"{&quot;background_background&quot;:&quot;gradient&quot;}\">\n\t\t\t\t\t<div class=\"e-con-inner\">\n\t\t<div class=\"elementor-element elementor-element-875c7b6 e-con-full e-flex e-con e-child\" data-id=\"875c7b6\" data-element_type=\"container\">\n\t\t\t\t<div class=\"elementor-element elementor-element-12866ff elementor-widget elementor-widget-heading\" data-id=\"12866ff\" data-element_type=\"widget\" data-widget_type=\"heading.default\">\n\t\t\t\t<div class=\"elementor-widget-container\">\n\t\t\t\t\t<h2 class=\"elementor-heading-title elementor-size-default\">Advantages of UL certification for our customers<\/h2>\t\t\t\t<\/div>\n\t\t\t\t<\/div>\n\t\t\t\t<div class=\"elementor-element elementor-element-4a1887c elementor-widget__width-initial elementor-widget elementor-widget-text-editor\" data-id=\"4a1887c\" data-element_type=\"widget\" data-widget_type=\"text-editor.default\">\n\t\t\t\t<div class=\"elementor-widget-container\">\n\t\t\t\t\t\t\t\t\t<p class=\"p1\">UL certification offers a number of advantages for our customers, including:<\/p><ul class=\"ul1\"><li class=\"li1\"><b><\/b><b>Reliability and Safety<\/b>: SIMEL motors are tested to meet safety standards, ensuring a reliable product.<\/li><li class=\"li1\"><b><\/b><b>Rapid Access to the North American Market<\/b>: The presence of the UL mark on our products allows direct access to the United States and Canadian markets, overcoming barriers related to safety regulations and significantly reducing waiting times.<\/li><li class=\"li1\"><b><\/b><b>Reduced Risk<\/b>: Compliance with UL requirements reduces the risk of product recalls, offering greater peace of mind to our customers.<\/li><\/ul>\t\t\t\t\t\t\t\t<\/div>\n\t\t\t\t<\/div>\n\t\t\t\t<\/div>\n\t\t\t\t\t<\/div>\n\t\t\t\t<\/div>\n\t\t<div class=\"elementor-element elementor-element-366e703 e-flex e-con-boxed e-con e-parent\" data-id=\"366e703\" data-element_type=\"container\" id=\"csa\" data-settings=\"{&quot;background_background&quot;:&quot;classic&quot;}\">\n\t\t\t\t\t<div class=\"e-con-inner\">\n\t\t\t\t<div class=\"elementor-element elementor-element-845d297 elementor-widget__width-inherit elementor-widget elementor-widget-image\" data-id=\"845d297\" data-element_type=\"widget\" data-widget_type=\"image.default\">\n\t\t\t\t<div class=\"elementor-widget-container\">\n\t\t\t\t\t\t\t\t\t\t\t\t\t\t\t<img fetchpriority=\"high\" decoding=\"async\" width=\"318\" height=\"317\" src=\"https:\/\/www.simelmotors.com\/wp-content\/uploads\/2025\/01\/csa-n@2x.webp\" class=\"attachment-full size-full wp-image-3227\" alt=\"\" srcset=\"https:\/\/www.simelmotors.com\/wp-content\/uploads\/2025\/01\/csa-n@2x.webp 318w, https:\/\/www.simelmotors.com\/wp-content\/uploads\/2025\/01\/csa-n@2x-300x300.webp 300w, https:\/\/www.simelmotors.com\/wp-content\/uploads\/2025\/01\/csa-n@2x-150x150.webp 150w\" sizes=\"(max-width: 318px) 100vw, 318px\" \/>\t\t\t\t\t\t\t\t\t\t\t\t\t\t\t<\/div>\n\t\t\t\t<\/div>\n\t\t<div class=\"elementor-element elementor-element-a07aeac e-grid e-con-full e-con e-child\" data-id=\"a07aeac\" data-element_type=\"container\">\n\t\t<div class=\"elementor-element elementor-element-9b76efb e-con-full e-flex e-con e-child\" data-id=\"9b76efb\" data-element_type=\"container\">\n\t\t\t\t<div class=\"elementor-element elementor-element-9d10f42 elementor-widget elementor-widget-heading\" data-id=\"9d10f42\" data-element_type=\"widget\" data-widget_type=\"heading.default\">\n\t\t\t\t<div class=\"elementor-widget-container\">\n\t\t\t\t\t<h2 class=\"elementor-heading-title elementor-size-default\">CSA: The Gateway to the Canadian Market<\/h2>\t\t\t\t<\/div>\n\t\t\t\t<\/div>\n\t\t\t\t<div class=\"elementor-element elementor-element-2663eed elementor-widget__width-initial elementor-widget elementor-widget-text-editor\" data-id=\"2663eed\" data-element_type=\"widget\" data-widget_type=\"text-editor.default\">\n\t\t\t\t<div class=\"elementor-widget-container\">\n\t\t\t\t\t\t\t\t\t<p class=\"p1\">CSA (Canadian Standards Association) certification is a key safety mark for electrical and electronic products destined for the Canadian market. <strong>Our equipment is also certified by UL to carry out tests according to Canadian standards<\/strong>, offering our customers the opportunity to easily access that market with the guarantee that our motors meet all the required safety requirements.<\/p><p class=\"p1\">SIMEL LAB&#8217;s test and measurement instruments are certified by UL to perform tests according to strict North American standards. This means that our products, tested and approved according to UL specifications, also comply with the CSA requirements necessary for marketing in Canada. <\/p><p class=\"p1\">This integrated approach allows our customers quick and uncomplicated access to both the US and Canadian markets, with the assurance that SIMEL motors meet all the safety and quality standards required in North America.<\/p>\t\t\t\t\t\t\t\t<\/div>\n\t\t\t\t<\/div>\n\t\t\t\t<\/div>\n\t\t<div class=\"elementor-element elementor-element-d6f0d60 e-con-full e-flex e-con e-child\" data-id=\"d6f0d60\" data-element_type=\"container\">\n\t\t\t\t<div class=\"elementor-element elementor-element-e150140 elementor-widget elementor-widget-heading\" data-id=\"e150140\" data-element_type=\"widget\" data-widget_type=\"heading.default\">\n\t\t\t\t<div class=\"elementor-widget-container\">\n\t\t\t\t\t<h2 class=\"elementor-heading-title elementor-size-default\">SIMEL LAB: Designed to Break Down Boundaries<\/h2>\t\t\t\t<\/div>\n\t\t\t\t<\/div>\n\t\t\t\t<div class=\"elementor-element elementor-element-84b5116 elementor-widget__width-initial elementor-widget elementor-widget-text-editor\" data-id=\"84b5116\" data-element_type=\"widget\" data-widget_type=\"text-editor.default\">\n\t\t\t\t<div class=\"elementor-widget-container\">\n\t\t\t\t\t\t\t\t\t<p class=\"p1\">SIMEL LAB is authorised by UL to test our motor samples. The control and measurement instruments in our laboratory, used for the specific tests for the North American market (USA and Canada), have been checked, approved and certified by UL. This approval allows us to verify the conformity of our motors on site, speeding up the certification process and maintaining total control over the quality of our products.  <\/p>\t\t\t\t\t\t\t\t<\/div>\n\t\t\t\t<\/div>\n\t\t\t\t<\/div>\n\t\t\t\t<\/div>\n\t\t\t\t\t<\/div>\n\t\t\t\t<\/div>\n\t\t<div class=\"elementor-element elementor-element-c221e2d e-flex e-con-boxed e-con e-parent\" data-id=\"c221e2d\" data-element_type=\"container\" data-settings=\"{&quot;background_background&quot;:&quot;gradient&quot;}\">\n\t\t\t\t\t<div class=\"e-con-inner\">\n\t\t\t\t<div class=\"elementor-element elementor-element-4e19167 elementor-widget elementor-widget-heading\" data-id=\"4e19167\" data-element_type=\"widget\" data-widget_type=\"heading.default\">\n\t\t\t\t<div class=\"elementor-widget-container\">\n\t\t\t\t\t<h1 class=\"elementor-heading-title elementor-size-default\">UL Reference Standard for the Evaluation of our Motors:<\/h1>\t\t\t\t<\/div>\n\t\t\t\t<\/div>\n\t\t\t\t<div class=\"elementor-element elementor-element-8127c01 elementor-widget__width-initial elementor-widget elementor-widget-text-editor\" data-id=\"8127c01\" data-element_type=\"widget\" data-widget_type=\"text-editor.default\">\n\t\t\t\t<div class=\"elementor-widget-container\">\n\t\t\t\t\t\t\t\t\t<ul class=\"ul1\"><li class=\"li1\">UL 1004-1, Rotating Electrical Machines &#8211; General Requirements. Edition 2, Revision date 11\/05\/2020 <br><br><\/li><li class=\"li1\">UL 1004-3, Thermally protected motors, Edition 2, Revision date 01\/12\/2023<br><br><\/li><li class=\"li1\">CSA C22.2 No.100, Motors and Generators, Edition 7, Revision Date 04\/2017<br><br><\/li><li class=\"li2\">CSA C22.2 No. 77, Motors with Inherent Overheating Protection, Edition 8, Issue Date 08\/2014<\/li><\/ul>\t\t\t\t\t\t\t\t<\/div>\n\t\t\t\t<\/div>\n\t\t\t\t\t<\/div>\n\t\t\t\t<\/div>\n\t\t\t\t<\/div>\n\t\t","protected":false},"excerpt":{"rendered":"<p>UL Certification The Safety Guarantee for the North American Market (USA + Canada) La certificazione UL (Underwriters Laboratories) rappresenta un marchio di sicurezza volontaria per prodotti elettrici ed elettronici, riconosciuto come simbolo internazionale di qualit\u00e0 e sicurezza. SIMEL \u00e8 orgogliosa di avere un laboratorio riconosciuto da UL, il che ci permette di condurre test di [&hellip;]<\/p>\n","protected":false},"author":1,"featured_media":0,"parent":0,"menu_order":0,"comment_status":"closed","ping_status":"closed","template":"","meta":{"footnotes":""},"class_list":["post-3326","page","type-page","status-publish","hentry"],"yoast_head":"<!-- This site is optimized with the Yoast SEO plugin v26.4 - https:\/\/yoast.com\/wordpress\/plugins\/seo\/ -->\n<title>UL Certification - Simel Motor Spa<\/title>\n<meta name=\"robots\" content=\"index, follow, max-snippet:-1, max-image-preview:large, max-video-preview:-1\" \/>\n<link rel=\"canonical\" href=\"https:\/\/www.simelmotors.com\/en\/ul-certification\/\" \/>\n<meta property=\"og:locale\" content=\"en_US\" \/>\n<meta property=\"og:type\" content=\"article\" \/>\n<meta property=\"og:title\" content=\"UL Certification - Simel Motor Spa\" \/>\n<meta property=\"og:description\" content=\"UL Certification The Safety Guarantee for the North American Market (USA + Canada) La certificazione UL (Underwriters Laboratories) rappresenta un marchio di sicurezza volontaria per prodotti elettrici ed elettronici, riconosciuto come simbolo internazionale di qualit\u00e0 e sicurezza. SIMEL \u00e8 orgogliosa di avere un laboratorio riconosciuto da UL, il che ci permette di condurre test di [&hellip;]\" \/>\n<meta property=\"og:url\" content=\"https:\/\/www.simelmotors.com\/en\/ul-certification\/\" \/>\n<meta property=\"og:site_name\" content=\"Simel Motor Spa\" \/>\n<meta property=\"article:modified_time\" content=\"2025-07-31T10:16:18+00:00\" \/>\n<meta property=\"og:image\" content=\"https:\/\/www.simelmotors.com\/wp-content\/uploads\/2024\/10\/c-ul-us-icon-simel@4x.webp\" \/>\n\t<meta property=\"og:image:width\" content=\"276\" \/>\n\t<meta property=\"og:image:height\" content=\"168\" \/>\n\t<meta property=\"og:image:type\" content=\"image\/webp\" \/>\n<meta name=\"twitter:card\" content=\"summary_large_image\" \/>\n<meta name=\"twitter:label1\" content=\"Est. reading time\" \/>\n\t<meta name=\"twitter:data1\" content=\"3 minutes\" \/>\n<script type=\"application\/ld+json\" class=\"yoast-schema-graph\">{\"@context\":\"https:\/\/schema.org\",\"@graph\":[{\"@type\":\"WebPage\",\"@id\":\"https:\/\/www.simelmotors.com\/en\/ul-certification\/\",\"url\":\"https:\/\/www.simelmotors.com\/en\/ul-certification\/\",\"name\":\"UL Certification - Simel Motor Spa\",\"isPartOf\":{\"@id\":\"https:\/\/www.simelmotors.com\/#website\"},\"primaryImageOfPage\":{\"@id\":\"https:\/\/www.simelmotors.com\/en\/ul-certification\/#primaryimage\"},\"image\":{\"@id\":\"https:\/\/www.simelmotors.com\/en\/ul-certification\/#primaryimage\"},\"thumbnailUrl\":\"https:\/\/www.simelmotors.com\/wp-content\/uploads\/2024\/10\/c-ul-us-icon-simel@4x.webp\",\"datePublished\":\"2024-11-25T13:14:50+00:00\",\"dateModified\":\"2025-07-31T10:16:18+00:00\",\"breadcrumb\":{\"@id\":\"https:\/\/www.simelmotors.com\/en\/ul-certification\/#breadcrumb\"},\"inLanguage\":\"en-US\",\"potentialAction\":[{\"@type\":\"ReadAction\",\"target\":[\"https:\/\/www.simelmotors.com\/en\/ul-certification\/\"]}]},{\"@type\":\"ImageObject\",\"inLanguage\":\"en-US\",\"@id\":\"https:\/\/www.simelmotors.com\/en\/ul-certification\/#primaryimage\",\"url\":\"https:\/\/www.simelmotors.com\/wp-content\/uploads\/2024\/10\/c-ul-us-icon-simel@4x.webp\",\"contentUrl\":\"https:\/\/www.simelmotors.com\/wp-content\/uploads\/2024\/10\/c-ul-us-icon-simel@4x.webp\"},{\"@type\":\"BreadcrumbList\",\"@id\":\"https:\/\/www.simelmotors.com\/en\/ul-certification\/#breadcrumb\",\"itemListElement\":[{\"@type\":\"ListItem\",\"position\":1,\"name\":\"Home\",\"item\":\"https:\/\/www.simelmotors.com\/en\/main-page\/\"},{\"@type\":\"ListItem\",\"position\":2,\"name\":\"UL Certification\"}]},{\"@type\":\"WebSite\",\"@id\":\"https:\/\/www.simelmotors.com\/#website\",\"url\":\"https:\/\/www.simelmotors.com\/\",\"name\":\"Simel Motor Spa\",\"description\":\"\",\"potentialAction\":[{\"@type\":\"SearchAction\",\"target\":{\"@type\":\"EntryPoint\",\"urlTemplate\":\"https:\/\/www.simelmotors.com\/?s={search_term_string}\"},\"query-input\":{\"@type\":\"PropertyValueSpecification\",\"valueRequired\":true,\"valueName\":\"search_term_string\"}}],\"inLanguage\":\"en-US\"}]}<\/script>\n<!-- \/ Yoast SEO plugin. -->","yoast_head_json":{"title":"UL Certification - Simel Motor Spa","robots":{"index":"index","follow":"follow","max-snippet":"max-snippet:-1","max-image-preview":"max-image-preview:large","max-video-preview":"max-video-preview:-1"},"canonical":"https:\/\/www.simelmotors.com\/en\/ul-certification\/","og_locale":"en_US","og_type":"article","og_title":"UL Certification - Simel Motor Spa","og_description":"UL Certification The Safety Guarantee for the North American Market (USA + Canada) La certificazione UL (Underwriters Laboratories) rappresenta un marchio di sicurezza volontaria per prodotti elettrici ed elettronici, riconosciuto come simbolo internazionale di qualit\u00e0 e sicurezza. SIMEL \u00e8 orgogliosa di avere un laboratorio riconosciuto da UL, il che ci permette di condurre test di [&hellip;]","og_url":"https:\/\/www.simelmotors.com\/en\/ul-certification\/","og_site_name":"Simel Motor Spa","article_modified_time":"2025-07-31T10:16:18+00:00","og_image":[{"width":276,"height":168,"url":"https:\/\/www.simelmotors.com\/wp-content\/uploads\/2024\/10\/c-ul-us-icon-simel@4x.webp","type":"image\/webp"}],"twitter_card":"summary_large_image","twitter_misc":{"Est. reading time":"3 minutes"},"schema":{"@context":"https:\/\/schema.org","@graph":[{"@type":"WebPage","@id":"https:\/\/www.simelmotors.com\/en\/ul-certification\/","url":"https:\/\/www.simelmotors.com\/en\/ul-certification\/","name":"UL Certification - Simel Motor Spa","isPartOf":{"@id":"https:\/\/www.simelmotors.com\/#website"},"primaryImageOfPage":{"@id":"https:\/\/www.simelmotors.com\/en\/ul-certification\/#primaryimage"},"image":{"@id":"https:\/\/www.simelmotors.com\/en\/ul-certification\/#primaryimage"},"thumbnailUrl":"https:\/\/www.simelmotors.com\/wp-content\/uploads\/2024\/10\/c-ul-us-icon-simel@4x.webp","datePublished":"2024-11-25T13:14:50+00:00","dateModified":"2025-07-31T10:16:18+00:00","breadcrumb":{"@id":"https:\/\/www.simelmotors.com\/en\/ul-certification\/#breadcrumb"},"inLanguage":"en-US","potentialAction":[{"@type":"ReadAction","target":["https:\/\/www.simelmotors.com\/en\/ul-certification\/"]}]},{"@type":"ImageObject","inLanguage":"en-US","@id":"https:\/\/www.simelmotors.com\/en\/ul-certification\/#primaryimage","url":"https:\/\/www.simelmotors.com\/wp-content\/uploads\/2024\/10\/c-ul-us-icon-simel@4x.webp","contentUrl":"https:\/\/www.simelmotors.com\/wp-content\/uploads\/2024\/10\/c-ul-us-icon-simel@4x.webp"},{"@type":"BreadcrumbList","@id":"https:\/\/www.simelmotors.com\/en\/ul-certification\/#breadcrumb","itemListElement":[{"@type":"ListItem","position":1,"name":"Home","item":"https:\/\/www.simelmotors.com\/en\/main-page\/"},{"@type":"ListItem","position":2,"name":"UL Certification"}]},{"@type":"WebSite","@id":"https:\/\/www.simelmotors.com\/#website","url":"https:\/\/www.simelmotors.com\/","name":"Simel Motor Spa","description":"","potentialAction":[{"@type":"SearchAction","target":{"@type":"EntryPoint","urlTemplate":"https:\/\/www.simelmotors.com\/?s={search_term_string}"},"query-input":{"@type":"PropertyValueSpecification","valueRequired":true,"valueName":"search_term_string"}}],"inLanguage":"en-US"}]}},"_links":{"self":[{"href":"https:\/\/www.simelmotors.com\/en\/wp-json\/wp\/v2\/pages\/3326","targetHints":{"allow":["GET"]}}],"collection":[{"href":"https:\/\/www.simelmotors.com\/en\/wp-json\/wp\/v2\/pages"}],"about":[{"href":"https:\/\/www.simelmotors.com\/en\/wp-json\/wp\/v2\/types\/page"}],"author":[{"embeddable":true,"href":"https:\/\/www.simelmotors.com\/en\/wp-json\/wp\/v2\/users\/1"}],"replies":[{"embeddable":true,"href":"https:\/\/www.simelmotors.com\/en\/wp-json\/wp\/v2\/comments?post=3326"}],"version-history":[{"count":8,"href":"https:\/\/www.simelmotors.com\/en\/wp-json\/wp\/v2\/pages\/3326\/revisions"}],"predecessor-version":[{"id":3803,"href":"https:\/\/www.simelmotors.com\/en\/wp-json\/wp\/v2\/pages\/3326\/revisions\/3803"}],"wp:attachment":[{"href":"https:\/\/www.simelmotors.com\/en\/wp-json\/wp\/v2\/media?parent=3326"}],"curies":[{"name":"wp","href":"https:\/\/api.w.org\/{rel}","templated":true}]}}